{"id":854,"date":"2025-08-29T22:54:30","date_gmt":"2025-08-29T15:54:30","guid":{"rendered":"https:\/\/lapmangfpt24hs.com\/?page_id=854"},"modified":"2025-09-03T22:24:42","modified_gmt":"2025-09-03T15:24:42","slug":"khuyen-mai-uu-dai","status":"publish","type":"page","link":"https:\/\/lapmangfpt24hs.com\/index.php\/khuyen-mai-uu-dai\/","title":{"rendered":"KHUY\u1ebeN M\u00c3I &#038; \u01afU \u0110\u00c3I"},"content":{"rendered":"\t\t<div data-elementor-type=\"wp-page\" data-elementor-id=\"854\" class=\"elementor elementor-854\">\n\t\t\t\t<div class=\"elementor-element elementor-element-498bd3f e-flex e-con-boxed e-con e-parent\" data-id=\"498bd3f\" data-element_type=\"container\">\n\t\t\t\t\t<div class=\"e-con-inner\">\n\t\t\t\t<div class=\"elementor-element elementor-element-6320c4c elementor-widget elementor-widget-image\" data-id=\"6320c4c\" data-element_type=\"widget\" data-widget_type=\"image.default\">\n\t\t\t\t\t\t\t\t\t\t\t\t\t\t\t<img fetchpriority=\"high\" decoding=\"async\" width=\"1024\" height=\"280\" src=\"https:\/\/lapmangfpt24hs.com\/wp-content\/uploads\/2025\/08\/banner-wifi-fpt-1024x280.jpg\" class=\"attachment-large size-large wp-image-856\" alt=\"\" srcset=\"https:\/\/lapmangfpt24hs.com\/wp-content\/uploads\/2025\/08\/banner-wifi-fpt-1024x280.jpg 1024w, https:\/\/lapmangfpt24hs.com\/wp-content\/uploads\/2025\/08\/banner-wifi-fpt-300x82.jpg 300w, https:\/\/lapmangfpt24hs.com\/wp-content\/uploads\/2025\/08\/banner-wifi-fpt-768x210.jpg 768w, https:\/\/lapmangfpt24hs.com\/wp-content\/uploads\/2025\/08\/banner-wifi-fpt-1536x420.jpg 1536w, https:\/\/lapmangfpt24hs.com\/wp-content\/uploads\/2025\/08\/banner-wifi-fpt-1000x273.jpg 1000w, https:\/\/lapmangfpt24hs.com\/wp-content\/uploads\/2025\/08\/banner-wifi-fpt-230x63.jpg 230w, https:\/\/lapmangfpt24hs.com\/wp-content\/uploads\/2025\/08\/banner-wifi-fpt-350x96.jpg 350w, https:\/\/lapmangfpt24hs.com\/wp-content\/uploads\/2025\/08\/banner-wifi-fpt-480x131.jpg 480w, https:\/\/lapmangfpt24hs.com\/wp-content\/uploads\/2025\/08\/banner-wifi-fpt.jpg 2048w\" sizes=\"(max-width: 1024px) 100vw, 1024px\" \/>\t\t\t\t\t\t\t\t\t\t\t\t\t\t\t<\/div>\n\t\t\t\t<div class=\"elementor-element elementor-element-0422f0f elementor-widget elementor-widget-heading\" data-id=\"0422f0f\" data-element_type=\"widget\" data-widget_type=\"heading.default\">\n\t\t\t\t\t<h2 class=\"elementor-heading-title elementor-size-default\">B\u1ea2NG GI\u00c1 KHUY\u1ebeN M\u00c3I TH\u00c1NG 8<\/h2>\t\t\t\t<\/div>\n\t\t\t\t\t<\/div>\n\t\t\t\t<\/div>\n\t\t<div class=\"elementor-element elementor-element-072e2f5 e-flex e-con-boxed e-con e-parent\" data-id=\"072e2f5\" data-element_type=\"container\">\n\t\t\t\t\t<div class=\"e-con-inner\">\n\t\t<div class=\"elementor-element elementor-element-1944f16 e-con-full e-flex e-con e-child\" data-id=\"1944f16\" data-element_type=\"container\">\n\t\t\t\t<div class=\"elementor-element elementor-element-f4580f6 elementor-widget elementor-widget-heading\" data-id=\"f4580f6\" data-element_type=\"widget\" data-widget_type=\"heading.default\">\n\t\t\t\t\t<h2 class=\"elementor-heading-title elementor-size-default\">Giga<\/h2>\t\t\t\t<\/div>\n\t\t\t\t<div class=\"elementor-element elementor-element-1f5dbff elementor-widget elementor-widget-text-editor\" data-id=\"1f5dbff\" data-element_type=\"widget\" data-widget_type=\"text-editor.default\">\n\t\t\t\t\t\t\t\t\t<p><strong data-start=\"151\" data-end=\"162\">T\u1ed1c \u0111\u1ed9:<\/strong> 150\/150 Mbps<br data-start=\"175\" data-end=\"178\" \/><strong data-start=\"178\" data-end=\"186\">Gi\u00e1:<\/strong> 187.000 \u2013 228.000 \u0111\/th\u00e1ng<\/p><p data-start=\"216\" data-end=\"233\"><strong data-start=\"216\" data-end=\"231\">Khuy\u1ebfn m\u00e3i:<\/strong><\/p><ul data-start=\"234\" data-end=\"296\"><li data-start=\"234\" data-end=\"262\"><p data-start=\"236\" data-end=\"262\">01 thi\u1ebft b\u1ecb Wifi cao c\u1ea5p<\/p><\/li><li data-start=\"263\" data-end=\"296\"><p data-start=\"265\" data-end=\"296\">T\u1eb7ng th\u00e1ng c\u01b0\u1edbc khi tr\u1ea3 tr\u01b0\u1edbc<\/p><\/li><\/ul><p data-start=\"298\" data-end=\"312\"><strong data-start=\"298\" data-end=\"310\">D\u1ecbch v\u1ee5:<\/strong><\/p><ul data-start=\"313\" data-end=\"367\"><li data-start=\"313\" data-end=\"367\"><p data-start=\"315\" data-end=\"367\">L\u1eafp \u0111\u1eb7t nhanh trong 24h t\u1ea5t c\u1ea3 c\u00e1c ng\u00e0y trong tu\u1ea7n<\/p><\/li><\/ul>\t\t\t\t\t\t\t\t<\/div>\n\t\t\t\t<div class=\"elementor-element elementor-element-d02830b elementor-align-center elementor-widget elementor-widget-button\" data-id=\"d02830b\" data-element_type=\"widget\" data-widget_type=\"button.default\">\n\t\t\t\t\t\t\t\t\t\t<a class=\"elementor-button elementor-button-link elementor-size-sm\" href=\"https:\/\/lapmangfpt24hs.com\/index.php\/contact\/\">\n\t\t\t\t\t\t<span class=\"elementor-button-content-wrapper\">\n\t\t\t\t\t\t\t\t\t<span class=\"elementor-button-text\">\u0110\u0102NG K\u00dd NGAY<\/span>\n\t\t\t\t\t<\/span>\n\t\t\t\t\t<\/a>\n\t\t\t\t\t\t\t\t<\/div>\n\t\t\t\t<\/div>\n\t\t<div class=\"elementor-element elementor-element-489ccaa e-con-full e-flex e-con e-child\" data-id=\"489ccaa\" data-element_type=\"container\">\n\t\t\t\t<div class=\"elementor-element elementor-element-7b7c320 elementor-widget elementor-widget-heading\" data-id=\"7b7c320\" data-element_type=\"widget\" data-widget_type=\"heading.default\">\n\t\t\t\t\t<h2 class=\"elementor-heading-title elementor-size-default\">Sky (hot)<\/h2>\t\t\t\t<\/div>\n\t\t\t\t<div class=\"elementor-element elementor-element-4b4b205 elementor-widget elementor-widget-text-editor\" data-id=\"4b4b205\" data-element_type=\"widget\" data-widget_type=\"text-editor.default\">\n\t\t\t\t\t\t\t\t\t<p data-start=\"393\" data-end=\"457\"><strong data-start=\"393\" data-end=\"404\">T\u1ed1c \u0111\u1ed9:<\/strong> 1024\/150 Mbps<br data-start=\"418\" data-end=\"421\" \/><strong data-start=\"421\" data-end=\"429\">Gi\u00e1:<\/strong> 228.000 \u2013 251.000 \u0111\/th\u00e1ng<\/p><p data-start=\"459\" data-end=\"476\"><strong data-start=\"459\" data-end=\"474\">Khuy\u1ebfn m\u00e3i:<\/strong><\/p><ul data-start=\"477\" data-end=\"539\"><li data-start=\"477\" data-end=\"505\"><p data-start=\"479\" data-end=\"505\">01 thi\u1ebft b\u1ecb Wifi cao c\u1ea5p<\/p><\/li><li data-start=\"506\" data-end=\"539\"><p data-start=\"508\" data-end=\"539\">T\u1eb7ng th\u00e1ng c\u01b0\u1edbc khi tr\u1ea3 tr\u01b0\u1edbc<\/p><\/li><\/ul><p data-start=\"541\" data-end=\"555\"><strong data-start=\"541\" data-end=\"553\">D\u1ecbch v\u1ee5:<\/strong><\/p><ul data-start=\"556\" data-end=\"610\"><li data-start=\"556\" data-end=\"610\"><p data-start=\"558\" data-end=\"610\">L\u1eafp \u0111\u1eb7t nhanh trong 24h t\u1ea5t c\u1ea3 c\u00e1c ng\u00e0y trong tu\u1ea7n<\/p><\/li><\/ul>\t\t\t\t\t\t\t\t<\/div>\n\t\t\t\t<div class=\"elementor-element elementor-element-8ada533 elementor-align-center elementor-widget elementor-widget-button\" data-id=\"8ada533\" data-element_type=\"widget\" data-widget_type=\"button.default\">\n\t\t\t\t\t\t\t\t\t\t<a class=\"elementor-button elementor-button-link elementor-size-sm\" href=\"https:\/\/lapmangfpt24hs.com\/index.php\/contact\/\">\n\t\t\t\t\t\t<span class=\"elementor-button-content-wrapper\">\n\t\t\t\t\t\t\t\t\t<span class=\"elementor-button-text\">\u0110\u0102NG K\u00dd NGAY<\/span>\n\t\t\t\t\t<\/span>\n\t\t\t\t\t<\/a>\n\t\t\t\t\t\t\t\t<\/div>\n\t\t\t\t<\/div>\n\t\t<div class=\"elementor-element elementor-element-b25b8dc e-con-full e-flex e-con e-child\" data-id=\"b25b8dc\" data-element_type=\"container\">\n\t\t\t\t<div class=\"elementor-element elementor-element-899ebf1 elementor-widget elementor-widget-heading\" data-id=\"899ebf1\" data-element_type=\"widget\" data-widget_type=\"heading.default\">\n\t\t\t\t\t<h2 class=\"elementor-heading-title elementor-size-default\">F-Game<\/h2>\t\t\t\t<\/div>\n\t\t\t\t<div class=\"elementor-element elementor-element-4aaeec2 elementor-widget elementor-widget-text-editor\" data-id=\"4aaeec2\" data-element_type=\"widget\" data-widget_type=\"text-editor.default\">\n\t\t\t\t\t\t\t\t\t<p data-start=\"633\" data-end=\"697\"><strong data-start=\"633\" data-end=\"644\">T\u1ed1c \u0111\u1ed9:<\/strong> 1024\/150 Mbps<br data-start=\"658\" data-end=\"661\" \/><strong data-start=\"661\" data-end=\"669\">Gi\u00e1:<\/strong> 287.000 \u2013 310.000 \u0111\/th\u00e1ng<\/p><p data-start=\"699\" data-end=\"716\"><strong data-start=\"699\" data-end=\"714\">Khuy\u1ebfn m\u00e3i:<\/strong><\/p><ul data-start=\"717\" data-end=\"820\"><li data-start=\"717\" data-end=\"745\"><p data-start=\"719\" data-end=\"745\">01 thi\u1ebft b\u1ecb Wifi cao c\u1ea5p<\/p><\/li><li data-start=\"746\" data-end=\"779\"><p data-start=\"748\" data-end=\"779\">T\u1eb7ng th\u00e1ng c\u01b0\u1edbc khi tr\u1ea3 tr\u01b0\u1edbc<\/p><\/li><li data-start=\"780\" data-end=\"820\"><p data-start=\"782\" data-end=\"820\">T\u00edch h\u1ee3p Ultra Fast t\u1ed1i \u01b0u ch\u01a1i Game<\/p><\/li><\/ul><p data-start=\"822\" data-end=\"836\"><strong data-start=\"822\" data-end=\"834\">D\u1ecbch v\u1ee5:<\/strong><\/p><ul data-start=\"837\" data-end=\"891\"><li data-start=\"837\" data-end=\"891\"><p data-start=\"839\" data-end=\"891\">L\u1eafp \u0111\u1eb7t nhanh trong 24h t\u1ea5t c\u1ea3 c\u00e1c ng\u00e0y trong tu\u1ea7n<\/p><\/li><\/ul>\t\t\t\t\t\t\t\t<\/div>\n\t\t\t\t<div class=\"elementor-element elementor-element-3ba94f0 elementor-align-center elementor-widget elementor-widget-button\" data-id=\"3ba94f0\" data-element_type=\"widget\" data-widget_type=\"button.default\">\n\t\t\t\t\t\t\t\t\t\t<a class=\"elementor-button elementor-button-link elementor-size-sm\" href=\"https:\/\/lapmangfpt24hs.com\/index.php\/contact\/\">\n\t\t\t\t\t\t<span class=\"elementor-button-content-wrapper\">\n\t\t\t\t\t\t\t\t\t<span class=\"elementor-button-text\">\u0110\u0102NG K\u00dd NGAY<\/span>\n\t\t\t\t\t<\/span>\n\t\t\t\t\t<\/a>\n\t\t\t\t\t\t\t\t<\/div>\n\t\t\t\t<\/div>\n\t\t<div class=\"elementor-element elementor-element-2372c7b e-con-full e-flex e-con e-child\" data-id=\"2372c7b\" data-element_type=\"container\">\n\t\t\t\t<div class=\"elementor-element elementor-element-bb8c8f1 elementor-widget elementor-widget-heading\" data-id=\"bb8c8f1\" data-element_type=\"widget\" data-widget_type=\"heading.default\">\n\t\t\t\t\t<h2 class=\"elementor-heading-title elementor-size-default\">Meta<\/h2>\t\t\t\t<\/div>\n\t\t\t\t<div class=\"elementor-element elementor-element-ed2a82b elementor-widget elementor-widget-text-editor\" data-id=\"ed2a82b\" data-element_type=\"widget\" data-widget_type=\"text-editor.default\">\n\t\t\t\t\t\t\t\t\t<p data-start=\"912\" data-end=\"977\"><strong data-start=\"912\" data-end=\"923\">T\u1ed1c \u0111\u1ed9:<\/strong> 1024\/1024 Mbps<br data-start=\"938\" data-end=\"941\" \/><strong data-start=\"941\" data-end=\"949\">Gi\u00e1:<\/strong> 310.000 \u2013 328.000 \u0111\/th\u00e1ng<\/p><p data-start=\"979\" data-end=\"996\"><strong data-start=\"979\" data-end=\"994\">Khuy\u1ebfn m\u00e3i:<\/strong><\/p><ul data-start=\"997\" data-end=\"1059\"><li data-start=\"997\" data-end=\"1025\"><p data-start=\"999\" data-end=\"1025\">01 thi\u1ebft b\u1ecb Wifi cao c\u1ea5p<\/p><\/li><li data-start=\"1026\" data-end=\"1059\"><p data-start=\"1028\" data-end=\"1059\">T\u1eb7ng th\u00e1ng c\u01b0\u1edbc khi tr\u1ea3 tr\u01b0\u1edbc<\/p><\/li><\/ul><p data-start=\"1061\" data-end=\"1075\"><strong data-start=\"1061\" data-end=\"1073\">D\u1ecbch v\u1ee5:<\/strong><\/p><ul data-start=\"1076\" data-end=\"1130\"><li data-start=\"1076\" data-end=\"1130\"><p data-start=\"1078\" data-end=\"1130\">L\u1eafp \u0111\u1eb7t nhanh trong 24h t\u1ea5t c\u1ea3 c\u00e1c ng\u00e0y trong tu\u1ea7n<\/p><\/li><\/ul>\t\t\t\t\t\t\t\t<\/div>\n\t\t\t\t<div class=\"elementor-element elementor-element-3d73787 elementor-align-center elementor-widget elementor-widget-button\" data-id=\"3d73787\" data-element_type=\"widget\" data-widget_type=\"button.default\">\n\t\t\t\t\t\t\t\t\t\t<a class=\"elementor-button elementor-button-link elementor-size-sm\" href=\"https:\/\/lapmangfpt24hs.com\/index.php\/contact\/\">\n\t\t\t\t\t\t<span class=\"elementor-button-content-wrapper\">\n\t\t\t\t\t\t\t\t\t<span class=\"elementor-button-text\">\u0110\u0102NG K\u00dd NGAY<\/span>\n\t\t\t\t\t<\/span>\n\t\t\t\t\t<\/a>\n\t\t\t\t\t\t\t\t<\/div>\n\t\t\t\t<\/div>\n\t\t<div class=\"elementor-element elementor-element-2b8e837 e-con-full e-flex e-con e-child\" data-id=\"2b8e837\" data-element_type=\"container\">\n\t\t\t\t<div class=\"elementor-element elementor-element-02eb6e2 elementor-widget elementor-widget-heading\" data-id=\"02eb6e2\" data-element_type=\"widget\" data-widget_type=\"heading.default\">\n\t\t\t\t\t<h2 class=\"elementor-heading-title elementor-size-default\">Sky Mesh<\/h2>\t\t\t\t<\/div>\n\t\t\t\t<div class=\"elementor-element elementor-element-5110e9a elementor-widget elementor-widget-text-editor\" data-id=\"5110e9a\" data-element_type=\"widget\" data-widget_type=\"text-editor.default\">\n\t\t\t\t\t\t\t\t\t<p data-start=\"1155\" data-end=\"1219\"><strong data-start=\"1155\" data-end=\"1166\">T\u1ed1c \u0111\u1ed9:<\/strong> 1024\/150 Mbps<br data-start=\"1180\" data-end=\"1183\" \/><strong data-start=\"1183\" data-end=\"1191\">Gi\u00e1:<\/strong> 251.000 \u2013 273.000 \u0111\/th\u00e1ng<\/p><p data-start=\"1221\" data-end=\"1238\"><strong data-start=\"1221\" data-end=\"1236\">Khuy\u1ebfn m\u00e3i:<\/strong><\/p><ul data-start=\"1239\" data-end=\"1301\"><li data-start=\"1239\" data-end=\"1267\"><p data-start=\"1241\" data-end=\"1267\">02 thi\u1ebft b\u1ecb Wifi cao c\u1ea5p<\/p><\/li><li data-start=\"1268\" data-end=\"1301\"><p data-start=\"1270\" data-end=\"1301\">T\u1eb7ng th\u00e1ng c\u01b0\u1edbc khi tr\u1ea3 tr\u01b0\u1edbc<\/p><\/li><\/ul><p data-start=\"1303\" data-end=\"1317\"><strong data-start=\"1303\" data-end=\"1315\">D\u1ecbch v\u1ee5:<\/strong><\/p><ul data-start=\"1318\" data-end=\"1372\"><li data-start=\"1318\" data-end=\"1372\"><p data-start=\"1320\" data-end=\"1372\">L\u1eafp \u0111\u1eb7t nhanh trong 24h t\u1ea5t c\u1ea3 c\u00e1c ng\u00e0y trong tu\u1ea7n<\/p><\/li><\/ul>\t\t\t\t\t\t\t\t<\/div>\n\t\t\t\t<div class=\"elementor-element elementor-element-773c084 elementor-align-center elementor-widget elementor-widget-button\" data-id=\"773c084\" data-element_type=\"widget\" data-widget_type=\"button.default\">\n\t\t\t\t\t\t\t\t\t\t<a class=\"elementor-button elementor-button-link elementor-size-sm\" href=\"https:\/\/lapmangfpt24hs.com\/index.php\/contact\/\">\n\t\t\t\t\t\t<span class=\"elementor-button-content-wrapper\">\n\t\t\t\t\t\t\t\t\t<span class=\"elementor-button-text\">\u0110\u0102NG K\u00dd NGAY<\/span>\n\t\t\t\t\t<\/span>\n\t\t\t\t\t<\/a>\n\t\t\t\t\t\t\t\t<\/div>\n\t\t\t\t<\/div>\n\t\t<div class=\"elementor-element elementor-element-3fc1806 e-con-full e-flex e-con e-child\" data-id=\"3fc1806\" data-element_type=\"container\">\n\t\t\t\t<div class=\"elementor-element elementor-element-3d64ff2 elementor-widget elementor-widget-heading\" data-id=\"3d64ff2\" data-element_type=\"widget\" data-widget_type=\"heading.default\">\n\t\t\t\t\t<h2 class=\"elementor-heading-title elementor-size-default\">Meta Mesh<\/h2>\t\t\t\t<\/div>\n\t\t\t\t<div class=\"elementor-element elementor-element-a661c12 elementor-widget elementor-widget-text-editor\" data-id=\"a661c12\" data-element_type=\"widget\" data-widget_type=\"text-editor.default\">\n\t\t\t\t\t\t\t\t\t<p data-start=\"1398\" data-end=\"1463\"><strong data-start=\"1398\" data-end=\"1409\">T\u1ed1c \u0111\u1ed9:<\/strong> 1024\/1024 Mbps<br data-start=\"1424\" data-end=\"1427\" \/><strong data-start=\"1427\" data-end=\"1435\">Gi\u00e1:<\/strong> 328.000 \u2013 355.000 \u0111\/th\u00e1ng<\/p><p data-start=\"1465\" data-end=\"1482\"><strong data-start=\"1465\" data-end=\"1480\">Khuy\u1ebfn m\u00e3i:<\/strong><\/p><ul data-start=\"1483\" data-end=\"1545\"><li data-start=\"1483\" data-end=\"1511\"><p data-start=\"1485\" data-end=\"1511\">02 thi\u1ebft b\u1ecb Wifi cao c\u1ea5p<\/p><\/li><li data-start=\"1512\" data-end=\"1545\"><p data-start=\"1514\" data-end=\"1545\">T\u1eb7ng th\u00e1ng c\u01b0\u1edbc khi tr\u1ea3 tr\u01b0\u1edbc<\/p><\/li><\/ul><p data-start=\"1547\" data-end=\"1561\"><strong data-start=\"1547\" data-end=\"1559\">D\u1ecbch v\u1ee5:<\/strong><\/p><ul data-start=\"1562\" data-end=\"1616\"><li data-start=\"1562\" data-end=\"1616\"><p data-start=\"1564\" data-end=\"1616\">L\u1eafp \u0111\u1eb7t nhanh trong 24h t\u1ea5t c\u1ea3 c\u00e1c ng\u00e0y trong tu\u1ea7n<\/p><\/li><\/ul>\t\t\t\t\t\t\t\t<\/div>\n\t\t\t\t<div class=\"elementor-element elementor-element-ef9c1b1 elementor-align-center elementor-widget elementor-widget-button\" data-id=\"ef9c1b1\" data-element_type=\"widget\" data-widget_type=\"button.default\">\n\t\t\t\t\t\t\t\t\t\t<a class=\"elementor-button elementor-button-link elementor-size-sm\" href=\"https:\/\/lapmangfpt24hs.com\/index.php\/contact\/\">\n\t\t\t\t\t\t<span class=\"elementor-button-content-wrapper\">\n\t\t\t\t\t\t\t\t\t<span class=\"elementor-button-text\">\u0110\u0102NG K\u00dd NGAY<\/span>\n\t\t\t\t\t<\/span>\n\t\t\t\t\t<\/a>\n\t\t\t\t\t\t\t\t<\/div>\n\t\t\t\t<\/div>\n\t\t\t\t\t<\/div>\n\t\t\t\t<\/div>\n\t\t<div class=\"elementor-element elementor-element-44154f6 e-flex e-con-boxed e-con e-parent\" data-id=\"44154f6\" data-element_type=\"container\">\n\t\t\t\t\t<div class=\"e-con-inner\">\n\t\t\t\t\t<\/div>\n\t\t\t\t<\/div>\n\t\t\t\t<\/div>\n\t\t","protected":false},"excerpt":{"rendered":"<p>B\u1ea2NG GI\u00c1 KHUY\u1ebeN M\u00c3I TH\u00c1NG 8 Giga T\u1ed1c \u0111\u1ed9: 150\/150 MbpsGi\u00e1: 187.000 \u2013 228.000 \u0111\/th\u00e1ng Khuy\u1ebfn m\u00e3i: 01 thi\u1ebft b\u1ecb Wifi cao [&hellip;]<\/p>\n","protected":false},"author":1,"featured_media":0,"parent":0,"menu_order":0,"comment_status":"closed","ping_status":"closed","template":"elementor_header_footer","meta":{"footnotes":""},"class_list":["post-854","page","type-page","status-publish","hentry"],"yoast_head":"<!-- This site is optimized with the Yoast SEO plugin v25.8 - https:\/\/yoast.com\/wordpress\/plugins\/seo\/ -->\n<title>KHUY\u1ebeN M\u00c3I &amp; \u01afU \u0110\u00c3I - L\u1eaeP M\u1ea0NG FPT TO\u00c0N QU\u1ed0C<\/title>\n<meta name=\"robots\" content=\"index, follow, max-snippet:-1, max-image-preview:large, max-video-preview:-1\" \/>\n<link rel=\"canonical\" href=\"http:\/\/lapmangfpt24hs.com\/index.php\/khuyen-mai-uu-dai\/\" \/>\n<meta property=\"og:locale\" content=\"vi_VN\" \/>\n<meta property=\"og:type\" content=\"article\" \/>\n<meta property=\"og:title\" content=\"KHUY\u1ebeN M\u00c3I &amp; \u01afU \u0110\u00c3I - L\u1eaeP M\u1ea0NG FPT TO\u00c0N QU\u1ed0C\" \/>\n<meta property=\"og:description\" content=\"B\u1ea2NG GI\u00c1 KHUY\u1ebeN M\u00c3I TH\u00c1NG 8 Giga T\u1ed1c \u0111\u1ed9: 150\/150 MbpsGi\u00e1: 187.000 \u2013 228.000 \u0111\/th\u00e1ng Khuy\u1ebfn m\u00e3i: 01 thi\u1ebft b\u1ecb Wifi cao [&hellip;]\" \/>\n<meta property=\"og:url\" content=\"http:\/\/lapmangfpt24hs.com\/index.php\/khuyen-mai-uu-dai\/\" \/>\n<meta property=\"og:site_name\" content=\"L\u1eaeP M\u1ea0NG FPT TO\u00c0N QU\u1ed0C\" \/>\n<meta property=\"article:modified_time\" content=\"2025-09-03T15:24:42+00:00\" \/>\n<meta property=\"og:image\" content=\"http:\/\/lapmangfpt24hs.com\/wp-content\/uploads\/2025\/08\/banner-wifi-fpt-1024x280.jpg\" \/>\n<meta name=\"twitter:card\" content=\"summary_large_image\" \/>\n<meta name=\"twitter:label1\" content=\"\u01af\u1edbc t\u00ednh th\u1eddi gian \u0111\u1ecdc\" \/>\n\t<meta name=\"twitter:data1\" content=\"2 ph\u00fat\" \/>\n<script type=\"application\/ld+json\" class=\"yoast-schema-graph\">{\"@context\":\"https:\/\/schema.org\",\"@graph\":[{\"@type\":\"WebPage\",\"@id\":\"http:\/\/lapmangfpt24hs.com\/index.php\/khuyen-mai-uu-dai\/\",\"url\":\"http:\/\/lapmangfpt24hs.com\/index.php\/khuyen-mai-uu-dai\/\",\"name\":\"KHUY\u1ebeN M\u00c3I & \u01afU \u0110\u00c3I - L\u1eaeP M\u1ea0NG FPT TO\u00c0N QU\u1ed0C\",\"isPartOf\":{\"@id\":\"http:\/\/lapmangfpt24hs.com\/#website\"},\"primaryImageOfPage\":{\"@id\":\"http:\/\/lapmangfpt24hs.com\/index.php\/khuyen-mai-uu-dai\/#primaryimage\"},\"image\":{\"@id\":\"http:\/\/lapmangfpt24hs.com\/index.php\/khuyen-mai-uu-dai\/#primaryimage\"},\"thumbnailUrl\":\"http:\/\/lapmangfpt24hs.com\/wp-content\/uploads\/2025\/08\/banner-wifi-fpt-1024x280.jpg\",\"datePublished\":\"2025-08-29T15:54:30+00:00\",\"dateModified\":\"2025-09-03T15:24:42+00:00\",\"breadcrumb\":{\"@id\":\"http:\/\/lapmangfpt24hs.com\/index.php\/khuyen-mai-uu-dai\/#breadcrumb\"},\"inLanguage\":\"vi\",\"potentialAction\":[{\"@type\":\"ReadAction\",\"target\":[\"http:\/\/lapmangfpt24hs.com\/index.php\/khuyen-mai-uu-dai\/\"]}]},{\"@type\":\"ImageObject\",\"inLanguage\":\"vi\",\"@id\":\"http:\/\/lapmangfpt24hs.com\/index.php\/khuyen-mai-uu-dai\/#primaryimage\",\"url\":\"https:\/\/lapmangfpt24hs.com\/wp-content\/uploads\/2025\/08\/banner-wifi-fpt.jpg\",\"contentUrl\":\"https:\/\/lapmangfpt24hs.com\/wp-content\/uploads\/2025\/08\/banner-wifi-fpt.jpg\",\"width\":2048,\"height\":560},{\"@type\":\"BreadcrumbList\",\"@id\":\"http:\/\/lapmangfpt24hs.com\/index.php\/khuyen-mai-uu-dai\/#breadcrumb\",\"itemListElement\":[{\"@type\":\"ListItem\",\"position\":1,\"name\":\"Trang ch\u1ee7\",\"item\":\"http:\/\/lapmangfpt24hs.com\/\"},{\"@type\":\"ListItem\",\"position\":2,\"name\":\"KHUY\u1ebeN M\u00c3I &#038; \u01afU \u0110\u00c3I\"}]},{\"@type\":\"WebSite\",\"@id\":\"http:\/\/lapmangfpt24hs.com\/#website\",\"url\":\"http:\/\/lapmangfpt24hs.com\/\",\"name\":\"L\u1eaeP M\u1ea0NG FPT TO\u00c0N QU\u1ed0C\",\"description\":\"Internet C\u00e1p Quang FPT - N\u00e2ng T\u1ea7m K\u1ebft N\u1ed1i\",\"potentialAction\":[{\"@type\":\"SearchAction\",\"target\":{\"@type\":\"EntryPoint\",\"urlTemplate\":\"http:\/\/lapmangfpt24hs.com\/?s={search_term_string}\"},\"query-input\":{\"@type\":\"PropertyValueSpecification\",\"valueRequired\":true,\"valueName\":\"search_term_string\"}}],\"inLanguage\":\"vi\"}]}<\/script>\n<!-- \/ Yoast SEO plugin. -->","yoast_head_json":{"title":"KHUY\u1ebeN M\u00c3I & \u01afU \u0110\u00c3I - L\u1eaeP M\u1ea0NG FPT TO\u00c0N QU\u1ed0C","robots":{"index":"index","follow":"follow","max-snippet":"max-snippet:-1","max-image-preview":"max-image-preview:large","max-video-preview":"max-video-preview:-1"},"canonical":"http:\/\/lapmangfpt24hs.com\/index.php\/khuyen-mai-uu-dai\/","og_locale":"vi_VN","og_type":"article","og_title":"KHUY\u1ebeN M\u00c3I & \u01afU \u0110\u00c3I - L\u1eaeP M\u1ea0NG FPT TO\u00c0N QU\u1ed0C","og_description":"B\u1ea2NG GI\u00c1 KHUY\u1ebeN M\u00c3I TH\u00c1NG 8 Giga T\u1ed1c \u0111\u1ed9: 150\/150 MbpsGi\u00e1: 187.000 \u2013 228.000 \u0111\/th\u00e1ng Khuy\u1ebfn m\u00e3i: 01 thi\u1ebft b\u1ecb Wifi cao [&hellip;]","og_url":"http:\/\/lapmangfpt24hs.com\/index.php\/khuyen-mai-uu-dai\/","og_site_name":"L\u1eaeP M\u1ea0NG FPT TO\u00c0N QU\u1ed0C","article_modified_time":"2025-09-03T15:24:42+00:00","og_image":[{"url":"http:\/\/lapmangfpt24hs.com\/wp-content\/uploads\/2025\/08\/banner-wifi-fpt-1024x280.jpg","type":"","width":"","height":""}],"twitter_card":"summary_large_image","twitter_misc":{"\u01af\u1edbc t\u00ednh th\u1eddi gian \u0111\u1ecdc":"2 ph\u00fat"},"schema":{"@context":"https:\/\/schema.org","@graph":[{"@type":"WebPage","@id":"http:\/\/lapmangfpt24hs.com\/index.php\/khuyen-mai-uu-dai\/","url":"http:\/\/lapmangfpt24hs.com\/index.php\/khuyen-mai-uu-dai\/","name":"KHUY\u1ebeN M\u00c3I & \u01afU \u0110\u00c3I - L\u1eaeP M\u1ea0NG FPT TO\u00c0N QU\u1ed0C","isPartOf":{"@id":"http:\/\/lapmangfpt24hs.com\/#website"},"primaryImageOfPage":{"@id":"http:\/\/lapmangfpt24hs.com\/index.php\/khuyen-mai-uu-dai\/#primaryimage"},"image":{"@id":"http:\/\/lapmangfpt24hs.com\/index.php\/khuyen-mai-uu-dai\/#primaryimage"},"thumbnailUrl":"http:\/\/lapmangfpt24hs.com\/wp-content\/uploads\/2025\/08\/banner-wifi-fpt-1024x280.jpg","datePublished":"2025-08-29T15:54:30+00:00","dateModified":"2025-09-03T15:24:42+00:00","breadcrumb":{"@id":"http:\/\/lapmangfpt24hs.com\/index.php\/khuyen-mai-uu-dai\/#breadcrumb"},"inLanguage":"vi","potentialAction":[{"@type":"ReadAction","target":["http:\/\/lapmangfpt24hs.com\/index.php\/khuyen-mai-uu-dai\/"]}]},{"@type":"ImageObject","inLanguage":"vi","@id":"http:\/\/lapmangfpt24hs.com\/index.php\/khuyen-mai-uu-dai\/#primaryimage","url":"https:\/\/lapmangfpt24hs.com\/wp-content\/uploads\/2025\/08\/banner-wifi-fpt.jpg","contentUrl":"https:\/\/lapmangfpt24hs.com\/wp-content\/uploads\/2025\/08\/banner-wifi-fpt.jpg","width":2048,"height":560},{"@type":"BreadcrumbList","@id":"http:\/\/lapmangfpt24hs.com\/index.php\/khuyen-mai-uu-dai\/#breadcrumb","itemListElement":[{"@type":"ListItem","position":1,"name":"Trang ch\u1ee7","item":"http:\/\/lapmangfpt24hs.com\/"},{"@type":"ListItem","position":2,"name":"KHUY\u1ebeN M\u00c3I &#038; \u01afU \u0110\u00c3I"}]},{"@type":"WebSite","@id":"http:\/\/lapmangfpt24hs.com\/#website","url":"http:\/\/lapmangfpt24hs.com\/","name":"L\u1eaeP M\u1ea0NG FPT TO\u00c0N QU\u1ed0C","description":"Internet C\u00e1p Quang FPT - N\u00e2ng T\u1ea7m K\u1ebft N\u1ed1i","potentialAction":[{"@type":"SearchAction","target":{"@type":"EntryPoint","urlTemplate":"http:\/\/lapmangfpt24hs.com\/?s={search_term_string}"},"query-input":{"@type":"PropertyValueSpecification","valueRequired":true,"valueName":"search_term_string"}}],"inLanguage":"vi"}]}},"_links":{"self":[{"href":"https:\/\/lapmangfpt24hs.com\/index.php\/wp-json\/wp\/v2\/pages\/854","targetHints":{"allow":["GET"]}}],"collection":[{"href":"https:\/\/lapmangfpt24hs.com\/index.php\/wp-json\/wp\/v2\/pages"}],"about":[{"href":"https:\/\/lapmangfpt24hs.com\/index.php\/wp-json\/wp\/v2\/types\/page"}],"author":[{"embeddable":true,"href":"https:\/\/lapmangfpt24hs.com\/index.php\/wp-json\/wp\/v2\/users\/1"}],"replies":[{"embeddable":true,"href":"https:\/\/lapmangfpt24hs.com\/index.php\/wp-json\/wp\/v2\/comments?post=854"}],"version-history":[{"count":16,"href":"https:\/\/lapmangfpt24hs.com\/index.php\/wp-json\/wp\/v2\/pages\/854\/revisions"}],"predecessor-version":[{"id":992,"href":"https:\/\/lapmangfpt24hs.com\/index.php\/wp-json\/wp\/v2\/pages\/854\/revisions\/992"}],"wp:attachment":[{"href":"https:\/\/lapmangfpt24hs.com\/index.php\/wp-json\/wp\/v2\/media?parent=854"}],"curies":[{"name":"wp","href":"https:\/\/api.w.org\/{rel}","templated":true}]}}